{"id":13,"date":"2019-09-05T15:43:52","date_gmt":"2019-09-05T13:43:52","guid":{"rendered":"https:\/\/cafephilolagny.fr\/?page_id=13"},"modified":"2024-11-05T11:29:35","modified_gmt":"2024-11-05T10:29:35","slug":"quest-ce-quun-cafe-philo","status":"publish","type":"page","link":"https:\/\/www.cafephilolagny.fr\/?page_id=13","title":{"rendered":"Quelle est notre activit\u00e9 ?"},"content":{"rendered":"\n<p class=\"has-background\" style=\"background-color:#cadcf6\"><strong>Caf\u00e9-Philo, le premier r\u00e9flexe que l&rsquo;on a est \u00ab\u00a0Ce n&rsquo;est pas pour moi, je ne sais pas grand chose de la philosophie, je n&rsquo;y serais pas \u00e0 ma place\u00a0\u00bb. Le terme Caf\u00e9-Philo est historique mais il n&rsquo;est pas vraiment adapt\u00e9 pour d\u00e9crire nos activit\u00e9s. D\u00e9j\u00e0, \u00e7a ne se passe pas dans un caf\u00e9 et ensuite nous ne faisons pas vraiment de la philosophie (encore qu&rsquo;un grand philosophe a dit qu&rsquo;il \u00e9tait incapable de d\u00e9finir vraiment ce qu&rsquo;est la philosophie). <\/strong><\/p>\n\n\n\n<p class=\"has-background\" style=\"background-color:#cadcf6\"><strong>Comment donc d\u00e9finir notre activit\u00e9 ?<\/strong><\/p>\n\n\n\n<p class=\"has-background\" style=\"background-color:#cadcf6\">Il s&rsquo;agit de se r\u00e9unir pour <strong>prendre un peu de recul<\/strong> avec l&rsquo;actualit\u00e9 tr\u00e9pidante qui est une des caract\u00e9ristiques de notre \u00e9poque. Nous discutons principalement de sujets ayant un rapport direct ou indirect avec <strong>notre fa\u00e7on de vivre dans notre soci\u00e9t\u00e9<\/strong>.<\/p>\n\n\n\n<p class=\"has-background\" style=\"background-color:#cadcf6\">Pour cela, <strong>aucune connaissance particuli\u00e8re n&rsquo;est n\u00e9cessaire<\/strong>. Nous nous posons tous des questions sur tel ou tel aspect de notre soci\u00e9t\u00e9. Dans le cadre de notre groupe, ces questions<strong> nous les partageons<\/strong> et essayons de trouver des r\u00e9ponses.<\/p>\n\n\n\n<p class=\"has-background has-medium-font-size\" style=\"background-color:#cadcf6\"><strong>Donc, si vous vous posez des questions, si vous \u00eates curieux, notre Caf\u00e9-Philo est fait pour vous. Vous pourrez soit exprimer votre point de vue, soit \u00e9couter celui des autres, soit les deux bien entendu.<\/strong> <strong>Si un sujet vous tient \u00e0 c\u0153ur, vous pouvez le proposer pour la s\u00e9ance du jour.<\/strong><\/p>\n\n\n\n<p class=\"has-text-align-center has-background has-medium-font-size\" style=\"background-color:#5cd2df\"><strong>C\u00f4t\u00e9 Pratique :<\/strong><\/p>\n\n\n\n<p>Les s\u00e9ances ont lieu le le troisi\u00e8me samedi de chaque mois, de 16h30 \u00e0 18h30 (sauf exception) au centre culturel Marc Brinon,  salle Jacolliot (voir planning ci dessous).<\/p>\n\n\n\n<p>Vous pouvez venir librement vous rendre compte si notre activit\u00e9 vous convient. Ensuite, il vous faudra acquitter une cotisation annuelle de 21 \u20ac (habitants de St-Thibault) et 25 \u20ac (habitants hors St-Thibault). Cette cotisation correspond \u00e0 votre inscription \u00e0 association <strong> Art et R\u00e9cr\u00e9ation<\/strong>. Si vous faites d\u00e9j\u00e0 partie de cette association pour une autre activit\u00e9, vous n&rsquo;aurez rien \u00e0 r\u00e9gler.<\/p>\n\n\n\n<p><\/p>\n\n\n\n<p><strong>Comment cela se passe-t&rsquo;il ?<\/strong><\/p>\n\n\n\n<p>Le Caf\u00e9-Philo, c&rsquo;est l&rsquo;occasion de d\u00e9battre de sujets divers de mani\u00e8re philosophique (voir l&rsquo;onglet \u00ab\u00a0<a href=\"https:\/\/cafephilolagny.fr\/?page_id=11\">Les sujets abord\u00e9s<\/a>\u00ab\u00a0) dans une ambiance d\u00e9contract\u00e9e et non \u00e9litiste. Lors des d\u00e9bats, l&rsquo;\u00e9coute de l&rsquo;autre est aussi importante que l&rsquo;exposition de ses propres id\u00e9es. <\/p>\n\n\n\n<p>Le Caf\u00e9-Philo n&rsquo;est ni une tribune politique, ni un espace o\u00f9 l&rsquo;on pr\u00e9sente des convictions religieuses. Les sujets sont n\u00e9anmoins tr\u00e8s divers dans le respect de la sensibilit\u00e9 de chacun.<\/p>\n\n\n\n<p>Le sujet du jour est choisi en d\u00e9but de s\u00e9ance par l&rsquo;animateur parmi ceux propos\u00e9s par les personnes pr\u00e9sentes. Vous n&rsquo;avez donc rien \u00e0 pr\u00e9parer avant d&rsquo;assister \u00e0 la s\u00e9ance \u00e0 part r\u00e9fl\u00e9chir \u00e0 un sujet si vous d\u00e9sirer le proposer. Vous pouvez exprimer votre opinion en suivant le protocole respectueux d\u00e9crit ci-dessous. Vous pouvez \u00e9galement vous contenter d&rsquo;\u00e9couter. C&rsquo;est un espace de libert\u00e9 o\u00f9 l&rsquo;\u00e9litisme est banni.<\/p>\n\n\n\n<p>Un protocole dit de \u00ab\u00a0Caf\u00e9-Philo\u00a0\u00bb est appliqu\u00e9 afin que les \u00e9changes soient fluides et respectueux : l&rsquo;animateur du d\u00e9bat choisit le sujet parmi ceux propos\u00e9s en d\u00e9but de s\u00e9ance. Ensuite, la prise de parole de chacun est g\u00e9r\u00e9e par l&rsquo;animateur. Comme en classe, il faut d&rsquo;abord lever le doigt, chacun parlant \u00e0 son tour et ainsi sans que la parole lui soit coup\u00e9e.<\/p>\n\n\n\n<p>Nous avons \u00e9t\u00e9 accueillis par l&rsquo;association <strong> Art et R\u00e9cr\u00e9ation<\/strong> (merci \u00e0 eux). Pour participer \u00e0 nos s\u00e9ances, il est n\u00e9cessaire de faire partie de cette association pour le prix annuel modique de 21 \u20ac (habitants de St-Thibault) et 25 \u20ac (habitants hors St-Thibault). Vous pouvez assister gratuitement \u00e0 une premi\u00e8re s\u00e9ance pour d\u00e9cider si cela vous convient.<\/p>\n\n\n<div class=\"wp-block-image\">\n<figure class=\"aligncenter size-full\"><img loading=\"lazy\" decoding=\"async\" width=\"260\" height=\"347\" src=\"https:\/\/www.cafephilolagny.fr\/wp-content\/uploads\/2024\/01\/philo3.jpg\" alt=\"\" class=\"wp-image-420\" srcset=\"https:\/\/www.cafephilolagny.fr\/wp-content\/uploads\/2024\/01\/philo3.jpg 260w, https:\/\/www.cafephilolagny.fr\/wp-content\/uploads\/2024\/01\/philo3-225x300.jpg 225w\" sizes=\"auto, (max-width: 260px) 100vw, 260px\" \/><\/figure>\n<\/div>\n\n\n<p class=\"has-text-align-center has-background has-medium-font-size\" style=\"background-color:#5cd2df\"><strong>Historique de notre Caf\u00e9-Philo<\/strong><\/p>\n\n\n\n<p><\/p>\n\n\n\n<p>La premi\u00e8re s\u00e9ance du <em>Caf\u00e9-Philo<\/em> de Lagny-Thorigny a eu lieu le samedi 20 janvier 2007 au <em>Bistrot de l&rsquo;Est<\/em>, 6 rue de la Gare \u00e0 Thorigny, \u00e0 l\u2019initiative de l&rsquo;association <em>Philos<\/em>, d\u00e9positaire de la formule des <em>Caf\u00e9s-Philo<\/em> initi\u00e9e en 1992 au caf\u00e9 des Phares, Place de la Bastille \u00e0 Paris, par le philosophe Marc Sautet et quelques ami(e)s. G\u00fcnther Gorhan, un des pionniers de cette formule et cr\u00e9ateur de nombreux Caf\u00e9s-Philo en France et dans le monde, animait cette s\u00e9ance. Le Covid nous a contraint d&rsquo;arr\u00eater nos activit\u00e9s pendant plus de deux ans.<\/p>\n\n\n\n<p>Le caf\u00e9 philo a repris ses activit\u00e9s dans un nouveau cadre. Nous sommes maintenant bas\u00e9s \u00e0 Saint-Thibault-des-Vignes. Nous avons \u00e9t\u00e9 accueillis par l&rsquo;association Art et R\u00e9cr\u00e9ation dont nous faisons maintenant partie. Nous nous retrouverons chaque troisi\u00e8me samedi du mois (sauf exception) de 16h30 \u00e0 18h30 toute l&rsquo;ann\u00e9e sauf juillet-aout au centre culturel Marc Brinon,  salle Jacolliot.<\/p>\n\n\n\n<p class=\"has-background\" style=\"background:linear-gradient(135deg,rgb(202,248,128) 0%,rgb(113,206,126) 0%)\"><strong>Ci-dessous, le protocole g\u00e9n\u00e9rique de fonctionnement d&rsquo;un Caf\u00e9 Philo que nous avons adapt\u00e9 \u00e0 nos besoins et envies.<\/strong><\/p>\n\n\n\n<figure class=\"wp-block-image\"><img loading=\"lazy\" decoding=\"async\" width=\"739\" height=\"1024\" src=\"https:\/\/cafephilolagny.fr\/wp-content\/uploads\/2019\/09\/Presentation1-739x1024.jpg\" alt=\"\" class=\"wp-image-43\" srcset=\"https:\/\/www.cafephilolagny.fr\/wp-content\/uploads\/2019\/09\/Presentation1-739x1024.jpg 739w, https:\/\/www.cafephilolagny.fr\/wp-content\/uploads\/2019\/09\/Presentation1-216x300.jpg 216w, https:\/\/www.cafephilolagny.fr\/wp-content\/uploads\/2019\/09\/Presentation1-768x1064.jpg 768w, https:\/\/www.cafephilolagny.fr\/wp-content\/uploads\/2019\/09\/Presentation1.jpg 1166w\" sizes=\"auto, (max-width: 739px) 100vw, 739px\" \/><\/figure>\n\n\n\n<figure class=\"wp-block-image\"><img loading=\"lazy\" decoding=\"async\" width=\"670\" height=\"1024\" src=\"https:\/\/cafephilolagny.fr\/wp-content\/uploads\/2019\/09\/Presentation2-670x1024.jpg\" alt=\"\" class=\"wp-image-44\" srcset=\"https:\/\/www.cafephilolagny.fr\/wp-content\/uploads\/2019\/09\/Presentation2-670x1024.jpg 670w, https:\/\/www.cafephilolagny.fr\/wp-content\/uploads\/2019\/09\/Presentation2-196x300.jpg 196w, https:\/\/www.cafephilolagny.fr\/wp-content\/uploads\/2019\/09\/Presentation2-768x1174.jpg 768w, https:\/\/www.cafephilolagny.fr\/wp-content\/uploads\/2019\/09\/Presentation2.jpg 1120w\" sizes=\"auto, (max-width: 670px) 100vw, 670px\" \/><\/figure>\n\n\n\n<figure class=\"wp-block-image\"><img loading=\"lazy\" decoding=\"async\" width=\"740\" height=\"1024\" src=\"https:\/\/cafephilolagny.fr\/wp-content\/uploads\/2019\/09\/Presentation3-740x1024.jpg\" alt=\"\" class=\"wp-image-45\" srcset=\"https:\/\/www.cafephilolagny.fr\/wp-content\/uploads\/2019\/09\/Presentation3-740x1024.jpg 740w, https:\/\/www.cafephilolagny.fr\/wp-content\/uploads\/2019\/09\/Presentation3-217x300.jpg 217w, https:\/\/www.cafephilolagny.fr\/wp-content\/uploads\/2019\/09\/Presentation3-768x1063.jpg 768w, https:\/\/www.cafephilolagny.fr\/wp-content\/uploads\/2019\/09\/Presentation3.jpg 1168w\" sizes=\"auto, (max-width: 740px) 100vw, 740px\" \/><\/figure>\n","protected":false},"excerpt":{"rendered":"<p>Caf\u00e9-Philo, le premier r\u00e9flexe que l&rsquo;on a est \u00ab\u00a0Ce n&rsquo;est pas pour moi, je ne sais pas grand chose de la philosophie, je n&rsquo;y serais pas \u00e0 ma place\u00a0\u00bb. Le terme Caf\u00e9-Philo est historique mais il n&rsquo;est pas vraiment adapt\u00e9 &hellip; <a href=\"https:\/\/www.cafephilolagny.fr\/?page_id=13\">Continuer la lecture <span class=\"meta-nav\">&rarr;<\/span><\/a><\/p>\n","protected":false},"author":1,"featured_media":0,"parent":0,"menu_order":0,"comment_status":"closed","ping_status":"closed","template":"","meta":{"footnotes":""},"class_list":["post-13","page","type-page","status-publish","hentry"],"_links":{"self":[{"href":"https:\/\/www.cafephilolagny.fr\/index.php?rest_route=\/wp\/v2\/pages\/13","targetHints":{"allow":["GET"]}}],"collection":[{"href":"https:\/\/www.cafephilolagny.fr\/index.php?rest_route=\/wp\/v2\/pages"}],"about":[{"href":"https:\/\/www.cafephilolagny.fr\/index.php?rest_route=\/wp\/v2\/types\/page"}],"author":[{"embeddable":true,"href":"https:\/\/www.cafephilolagny.fr\/index.php?rest_route=\/wp\/v2\/users\/1"}],"replies":[{"embeddable":true,"href":"https:\/\/www.cafephilolagny.fr\/index.php?rest_route=%2Fwp%2Fv2%2Fcomments&post=13"}],"version-history":[{"count":8,"href":"https:\/\/www.cafephilolagny.fr\/index.php?rest_route=\/wp\/v2\/pages\/13\/revisions"}],"predecessor-version":[{"id":974,"href":"https:\/\/www.cafephilolagny.fr\/index.php?rest_route=\/wp\/v2\/pages\/13\/revisions\/974"}],"wp:attachment":[{"href":"https:\/\/www.cafephilolagny.fr\/index.php?rest_route=%2Fwp%2Fv2%2Fmedia&parent=13"}],"curies":[{"name":"wp","href":"https:\/\/api.w.org\/{rel}","templated":true}]}}