{"id":687,"date":"2024-07-16T12:06:05","date_gmt":"2024-07-16T10:06:05","guid":{"rendered":"https:\/\/www.cafephilolagny.fr\/?page_id=687"},"modified":"2024-07-22T15:21:01","modified_gmt":"2024-07-22T13:21:01","slug":"aristote-la-vedette-des-philosophes","status":"publish","type":"page","link":"https:\/\/www.cafephilolagny.fr\/?page_id=687","title":{"rendered":"Aristote la \u00ab\u00a0vedette\u00a0\u00bb des philosophes"},"content":{"rendered":"<div class=\"wp-block-image\">\n<figure class=\"aligncenter size-full\"><img loading=\"lazy\" decoding=\"async\" width=\"423\" height=\"215\" src=\"https:\/\/www.cafephilolagny.fr\/wp-content\/uploads\/2024\/07\/Aristote.jpg\" alt=\"\" class=\"wp-image-688\" srcset=\"https:\/\/www.cafephilolagny.fr\/wp-content\/uploads\/2024\/07\/Aristote.jpg 423w, https:\/\/www.cafephilolagny.fr\/wp-content\/uploads\/2024\/07\/Aristote-300x152.jpg 300w\" sizes=\"auto, (max-width: 423px) 100vw, 423px\" \/><\/figure>\n<\/div>\n\n\n<p class=\"has-text-align-center has-very-light-gray-to-cyan-bluish-gray-gradient-background has-background\"><strong>Cette rubrique sera r\u00e9dig\u00e9e ult\u00e9rieurement<\/strong><\/p>\n","protected":false},"excerpt":{"rendered":"<p>Cette rubrique sera r\u00e9dig\u00e9e ult\u00e9rieurement<\/p>\n","protected":false},"author":1,"featured_media":0,"parent":0,"menu_order":0,"comment_status":"closed","ping_status":"closed","template":"","meta":{"footnotes":""},"class_list":["post-687","page","type-page","status-publish","hentry"],"_links":{"self":[{"href":"https:\/\/www.cafephilolagny.fr\/index.php?rest_route=\/wp\/v2\/pages\/687","targetHints":{"allow":["GET"]}}],"collection":[{"href":"https:\/\/www.cafephilolagny.fr\/index.php?rest_route=\/wp\/v2\/pages"}],"about":[{"href":"https:\/\/www.cafephilolagny.fr\/index.php?rest_route=\/wp\/v2\/types\/page"}],"author":[{"embeddable":true,"href":"https:\/\/www.cafephilolagny.fr\/index.php?rest_route=\/wp\/v2\/users\/1"}],"replies":[{"embeddable":true,"href":"https:\/\/www.cafephilolagny.fr\/index.php?rest_route=%2Fwp%2Fv2%2Fcomments&post=687"}],"version-history":[{"count":2,"href":"https:\/\/www.cafephilolagny.fr\/index.php?rest_route=\/wp\/v2\/pages\/687\/revisions"}],"predecessor-version":[{"id":838,"href":"https:\/\/www.cafephilolagny.fr\/index.php?rest_route=\/wp\/v2\/pages\/687\/revisions\/838"}],"wp:attachment":[{"href":"https:\/\/www.cafephilolagny.fr\/index.php?rest_route=%2Fwp%2Fv2%2Fmedia&parent=687"}],"curies":[{"name":"wp","href":"https:\/\/api.w.org\/{rel}","templated":true}]}}