{"id":7,"date":"2019-09-05T15:41:11","date_gmt":"2019-09-05T13:41:11","guid":{"rendered":"https:\/\/cafephilolagny.fr\/?page_id=7"},"modified":"2026-04-11T12:00:09","modified_gmt":"2026-04-11T10:00:09","slug":"cafe-philo-de-lagny-sur-marne","status":"publish","type":"page","link":"https:\/\/www.cafephilolagny.fr\/","title":{"rendered":"Caf\u00e9-Philo de Saint-Thibault-des-Vignes"},"content":{"rendered":"<p><!--StartFragment--><\/p>\n\n\n<p class=\"has-background has-medium-font-size\" style=\"background:linear-gradient(135deg,rgb(122,220,180) 0%,rgb(0,208,130) 0%)\"><strong>Les s\u00e9ances ont lieu le le troisi\u00e8me samedi de chaque mois, de 16h30 \u00e0 18h30 (sauf exception) \u00e0 Saint Thibault des vignes au centre culturel Marc Brinon<\/strong>. <strong>Nous rappelons que le sujet est choisi en d\u00e9but de s\u00e9ance<\/strong>.<\/p>\n\n\n\n<p class=\"has-medium-font-size\"><a href=\"https:\/\/www.cafephilolagny.fr\/?page_id=13\" data-type=\"page\" data-id=\"13\"><strong>Ce Caf\u00e9 philo est-il fait pour moi ? OUI ! Quelques soient vos connaissances en philosophie, de aucune \u00e0 expert, Vous serez accueillis avec respect et bienveillance<\/strong>.<strong>Tous les d\u00e9tails en cliquant sur ce lien<\/strong><\/a><\/p>\n\n\n\n<p class=\"has-medium-font-size\"><em>\u00ab Chacun de ceux qui seront re\u00e7us dans cette assembl\u00e9e aura son tour, tant pour proposer la question que pour l&rsquo;expliquer. Et tous retiendront toujours le m\u00eame ordre entre eux, afin d&rsquo;\u00e9viter la confusion. L&rsquo;on s&rsquo;\u00e9coutera parler les uns les autres avec douceur et respect, sans faire para\u00eetre jamais de m\u00e9pris pour ce qui sera dit dans l&rsquo;assembl\u00e9e. L&rsquo;on ne s&rsquo;\u00e9tudiera point \u00e0 se contredire, mais seulement \u00e0 rechercher la v\u00e9rit\u00e9.\u00bb<\/em><\/p>\n\n\n\n<p class=\"has-medium-font-size\">Dernier \u00e9crit de Descartes \u00e0 la reine Christine de Su\u00e8de, le 1er\u00a0f\u00e9vrier 1650<\/p>\n\n\n\n<p class=\"has-text-align-center has-black-color has-text-color has-background has-large-font-size\" style=\"background-color:#e39d5d\">Prochain rendez vous : Le samedi 18 Avril \u00e0 <strong>16H30<\/strong> Au centre Culturel Marc Brinon.<\/p>\n\n\n\n<p><\/p>\n\n\n\n<hr class=\"wp-block-separator has-alpha-channel-opacity is-style-wide\"\/>\n\n\n\n<p class=\"has-black-color has-text-color has-background has-link-color has-large-font-size wp-elements-a52f7e4d3e1cee49bc8aa0032066318a\" style=\"background-color:#8aaeb3\">Nous nous sommes retrouv\u00e9s le samedi 21 Mars. Nous \u00e9tions 13 pour d\u00e9battre sur le sujet \u00ab\u00a0<strong><strong>Si tu ne peux pas faire de grandes choses, fais de petites choses avec grandeur <\/strong>\u00ab\u00a0<\/strong>.<\/p>\n\n\n\n<p class=\"has-medium-font-size\">Apr\u00e8s chaque s\u00e9ance, l&rsquo;animateur et ceux qui le d\u00e9sirent illustrent le dernier sujet trait\u00e9, avec <strong>une touche d&rsquo;humour, une vision d\u00e9cal\u00e9e et un approfondissement du sujet<\/strong>. <\/p>\n\n\n\n<p class=\"has-medium-font-size\">Ce mois-ci <strong>le sujet d\u00e9cal\u00e9 <\/strong>nous propose cette citation de Montesquieu<strong> Pour faire de grandes choses, il ne faut pas \u00eatre au-dessus des hommes, il faut \u00eatre avec eux.<\/strong> Pour la <strong>touche d&rsquo;humour<\/strong>, Voici les petites grandes tour Eiffel. Enfin <strong>les philosophes nous aident \u00e0 \u00e9valuer la grandeur<\/strong>.<\/p>\n\n\n\n<p class=\"has-text-align-center has-background has-large-font-size\" style=\"background:linear-gradient(135deg,rgb(252,185,0) 100%,rgb(255,105,0) 100%)\"><strong>Un peu d&rsquo;humour<\/strong><\/p>\n\n\n\n<p class=\"has-text-align-center has-blue-color has-text-color has-link-color has-medium-font-size wp-elements-ac245e735930f417816043c76965e475\"><\/p>\n\n\n<div class=\"wp-block-image\">\n<figure class=\"aligncenter size-full is-resized\"><img loading=\"lazy\" decoding=\"async\" width=\"425\" height=\"284\" src=\"https:\/\/www.cafephilolagny.fr\/wp-content\/uploads\/2026\/04\/humour.jpg\" alt=\"\" class=\"wp-image-1352\" style=\"width:670px;height:auto\" srcset=\"https:\/\/www.cafephilolagny.fr\/wp-content\/uploads\/2026\/04\/humour.jpg 425w, https:\/\/www.cafephilolagny.fr\/wp-content\/uploads\/2026\/04\/humour-300x200.jpg 300w\" sizes=\"auto, (max-width: 425px) 100vw, 425px\" \/><\/figure>\n<\/div>\n\n\n<p class=\"has-text-align-center has-background has-large-font-size\" style=\"background:linear-gradient(135deg,rgb(252,185,0) 100%,rgb(255,105,0) 100%)\"><strong>Soyons maintenant s\u00e9rieux<\/strong> !<\/p>\n\n\n\n<figure class=\"wp-block-image size-full\"><img loading=\"lazy\" decoding=\"async\" width=\"791\" height=\"690\" src=\"https:\/\/www.cafephilolagny.fr\/wp-content\/uploads\/2026\/04\/Montesquieu.jpg\" alt=\"\" class=\"wp-image-1355\" srcset=\"https:\/\/www.cafephilolagny.fr\/wp-content\/uploads\/2026\/04\/Montesquieu.jpg 791w, https:\/\/www.cafephilolagny.fr\/wp-content\/uploads\/2026\/04\/Montesquieu-300x262.jpg 300w, https:\/\/www.cafephilolagny.fr\/wp-content\/uploads\/2026\/04\/Montesquieu-768x670.jpg 768w\" sizes=\"auto, (max-width: 791px) 100vw, 791px\" \/><\/figure>\n\n\n\n<p class=\"has-medium-font-size\">Signification :<\/p>\n\n\n\n<p>Cette citation souligne que la v\u00e9ritable grandeur ne r\u00e9side pas dans la domination ou la sup\u00e9riorit\u00e9 hi\u00e9rarchique, mais dans la collaboration et la connexion humaine. Elle sugg\u00e8re que les r\u00e9alisations les plus significatives \u00e9mergent de l&rsquo;engagement collectif plut\u00f4t que de l&rsquo;autorit\u00e9 isol\u00e9e. Le leadership authentique implique de marcher aux c\u00f4t\u00e9s des autres, de comprendre leurs perspectives et de partager leurs exp\u00e9riences.<\/p>\n\n\n\n<p class=\"has-medium-font-size\">Sens Profond :<\/p>\n\n\n\n<p>La citation contient une critique implicite des mod\u00e8les de leadership autoritaires et une d\u00e9fense de l&rsquo;humanisme collaboratif. Philosophiquement, elle rejoint les concepts d&rsquo;intersubjectivit\u00e9 (Merleau-Ponty), d&rsquo;\u00e9thique de la sollicitude (care ethics) et l&rsquo;id\u00e9e que la valeur morale \u00e9merge des relations plut\u00f4t que des hi\u00e9rarchies. Elle sugg\u00e8re que l&rsquo;alt\u00e9rit\u00e9 n&rsquo;est pas un obstacle \u00e0 surmonter mais une condition n\u00e9cessaire \u00e0 l&rsquo;accomplissement.<\/p>\n\n\n\n<p class=\"has-medium-font-size\">Pertinence Actuelle :<\/p>\n\n\n\n<p>Cette pens\u00e9e reste particuli\u00e8rement pertinente dans un monde marqu\u00e9 par les in\u00e9galit\u00e9s croissantes, les crises d\u00e9mocratiques et les d\u00e9fis collectifs comme le changement climatique. Elle r\u00e9pond aux aspirations contemporaines pour des mod\u00e8les de gouvernance plus horizontaux, des entreprises plus collaboratives et des soci\u00e9t\u00e9s plus inclusives. \u00c0 l&rsquo;\u00e8re num\u00e9rique, o\u00f9 la connectivit\u00e9 pourrait paradoxalement isoler, elle rappelle l&rsquo;importance des liens humains authentiques.<\/p>\n\n\n\n<p class=\"has-text-align-center has-large-font-size\"><strong>Article pour aller plus loin :<\/strong><\/p>\n\n\n\n<p class=\"has-text-align-center has-medium-font-size\"><strong><a href=\"https:\/\/www.cafephilolagny.fr\/?p=1357\">Les philosophes nous aident \u00e0 d\u00e9finir la grandeur <\/a><\/strong><\/p>\n\n\n\n<hr class=\"wp-block-separator has-alpha-channel-opacity\"\/>\n\n\n\n<p><\/p>\n\n\n\n<hr class=\"wp-block-separator has-alpha-channel-opacity is-style-wide\"\/>\n\n\n\n<p class=\"has-text-align-center has-background has-medium-font-size\" style=\"background:linear-gradient(135deg,rgb(6,147,227) 100%,rgb(155,81,224) 100%)\"><strong>Planning des d\u00e9bats<\/strong> <strong>2026<\/strong><\/p>\n\n\n<h2 id=\"tablepress-5-name\" class=\"tablepress-table-name tablepress-table-name-id-5\">Planning des d\u00e9bats 2026<\/h2>\n<span id=\"tablepress-5-description\" class=\"tablepress-table-description tablepress-table-description-id-5\"><\/span>\n\n<table id=\"tablepress-5\" class=\"tablepress tablepress-id-5\" aria-labelledby=\"tablepress-5-name\" aria-describedby=\"tablepress-5-description\">\n<thead>\n<tr class=\"row-1\">\n\t<th class=\"column-1\">Date<\/th><th class=\"column-2\">Sujet du d\u00e9bat<\/th><th class=\"column-3\">Nombre de participants<\/th>\n<\/tr>\n<\/thead>\n<tbody class=\"row-striping row-hover\">\n<tr class=\"row-2\">\n\t<td class=\"column-1\">Samedi 17 janvier 16h30<\/td><td class=\"column-2\">La libert\u00e9 de penser consiste-t'elle \u00e0 pouvoir penser ce que l'on veut ? <\/td><td class=\"column-3\">16<\/td>\n<\/tr>\n<tr class=\"row-3\">\n\t<td class=\"column-1\">Samedi 21 f\u00e9vrier 16h30<\/td><td class=\"column-2\">Est-ce le regard du spectateur qui fait l'oeuvre d'art ?<\/td><td class=\"column-3\">9<\/td>\n<\/tr>\n<tr class=\"row-4\">\n\t<td class=\"column-1\">Samedi 21 mars 16h30<\/td><td class=\"column-2\">Si tu ne peux pas faire de grandes choses, fais de petites choses avec grandeur<\/td><td class=\"column-3\">13<\/td>\n<\/tr>\n<tr class=\"row-5\">\n\t<td class=\"column-1\">Samedi 18 avril 16h30<\/td><td class=\"column-2\"><\/td><td class=\"column-3\"><\/td>\n<\/tr>\n<tr class=\"row-6\">\n\t<td class=\"column-1\">Samedi 16 mai 16h30<\/td><td class=\"column-2\"><\/td><td class=\"column-3\"><\/td>\n<\/tr>\n<tr class=\"row-7\">\n\t<td class=\"column-1\">Samedi 20 juin 16h30<\/td><td class=\"column-2\"><\/td><td class=\"column-3\"><\/td>\n<\/tr>\n<tr class=\"row-8\">\n\t<td class=\"column-1\">Juillet<\/td><td class=\"column-2\">Sous r\u00e9serve<\/td><td class=\"column-3\"><\/td>\n<\/tr>\n<tr class=\"row-9\">\n\t<td class=\"column-1\">Aout<\/td><td class=\"column-2\">Sous r\u00e9serve<\/td><td class=\"column-3\"><\/td>\n<\/tr>\n<tr class=\"row-10\">\n\t<td class=\"column-1\">Septembre<\/td><td class=\"column-2\">Date \u00e0 d\u00e9finir<\/td><td class=\"column-3\"><\/td>\n<\/tr>\n<tr class=\"row-11\">\n\t<td class=\"column-1\">Octobre<\/td><td class=\"column-2\">Date \u00e0 d\u00e9finir<\/td><td class=\"column-3\"><\/td>\n<\/tr>\n<tr class=\"row-12\">\n\t<td class=\"column-1\">Novembre<\/td><td class=\"column-2\">Date \u00e0 d\u00e9finir<\/td><td class=\"column-3\"><\/td>\n<\/tr>\n<tr class=\"row-13\">\n\t<td class=\"column-1\">D\u00e9cembre<\/td><td class=\"column-2\">Date \u00e0 d\u00e9finir<\/td><td class=\"column-3\"><\/td>\n<\/tr>\n<\/tbody>\n<\/table>\n<!-- #tablepress-5 from cache -->\n\n\n\n<hr class=\"wp-block-separator has-alpha-channel-opacity is-style-wide\"\/>\n\n\n\n<p class=\"has-background has-medium-font-size\" style=\"background-color:#cadcf6\"><strong>Ci-apr\u00e8s, des articles pour illustrer nos d\u00e9bats.<\/strong><\/p>\n\n\n<ul class=\"wp-block-latest-posts__list wp-block-latest-posts\"><li><a class=\"wp-block-latest-posts__post-title\" href=\"https:\/\/www.cafephilolagny.fr\/?p=1357\">Grandeur<\/a><\/li>\n<li><a class=\"wp-block-latest-posts__post-title\" href=\"https:\/\/www.cafephilolagny.fr\/?p=1329\">Qu\u2019est-ce que l\u2019art ? Entre cr\u00e9ation, \u00e9motion et soci\u00e9t\u00e9<\/a><\/li>\n<li><a class=\"wp-block-latest-posts__post-title\" href=\"https:\/\/www.cafephilolagny.fr\/?p=1298\">Bo\u00e8ce\u202f: philosopher en prison ou comment penser le bonheur malgr\u00e9 l\u2019injustice<\/a><\/li>\n<li><a class=\"wp-block-latest-posts__post-title\" href=\"https:\/\/www.cafephilolagny.fr\/?p=1276\">Le mensonge\u00a0: les aventures d&rsquo;un concept philosophique<\/a><\/li>\n<li><a class=\"wp-block-latest-posts__post-title\" href=\"https:\/\/www.cafephilolagny.fr\/?p=1258\">De la peur \u00e0 ses solutions<\/a><\/li>\n<\/ul>\n\n\n<p><\/p>\n\n\n\n<p class=\"has-text-align-center\"><strong>N&rsquo;h\u00e9sitez pas \u00e0 nous contacter via la page <\/strong><a href=\"https:\/\/cafephilolagny.fr\/?page_id=9\" data-type=\"page\" data-id=\"9\">Contact<\/a><\/p>\n\n\n\n<figure class=\"wp-block-image size-full\"><img loading=\"lazy\" decoding=\"async\" width=\"659\" height=\"200\" src=\"https:\/\/www.cafephilolagny.fr\/wp-content\/uploads\/2026\/02\/grece-1.jpg\" alt=\"\" class=\"wp-image-1310\" srcset=\"https:\/\/www.cafephilolagny.fr\/wp-content\/uploads\/2026\/02\/grece-1.jpg 659w, https:\/\/www.cafephilolagny.fr\/wp-content\/uploads\/2026\/02\/grece-1-300x91.jpg 300w\" sizes=\"auto, (max-width: 659px) 100vw, 659px\" \/><\/figure>\n\n\n\n<p class=\"has-text-align-center has-background has-medium-font-size\" style=\"background:linear-gradient(135deg,rgb(6,147,227) 100%,rgb(155,81,224) 100%)\"><strong>D\u00e9bats 2024-2025<\/strong><\/p>\n\n\n<h2 id=\"tablepress-4-name\" class=\"tablepress-table-name tablepress-table-name-id-4\">Planning des d\u00e9bats 2025<\/h2>\n<span id=\"tablepress-4-description\" class=\"tablepress-table-description tablepress-table-description-id-4\"><\/span>\n\n<table id=\"tablepress-4\" class=\"tablepress tablepress-id-4\" aria-labelledby=\"tablepress-4-name\" aria-describedby=\"tablepress-4-description\">\n<thead>\n<tr class=\"row-1\">\n\t<th class=\"column-1\">Date<\/th><th class=\"column-2\">Sujet du d\u00e9bat<\/th><th class=\"column-3\">Nombre de participants<\/th>\n<\/tr>\n<\/thead>\n<tbody class=\"row-striping row-hover\">\n<tr class=\"row-2\">\n\t<td class=\"column-1\">Samedi 18 janvier 16h30<\/td><td class=\"column-2\">L\u2019id\u00e9al de la Libert\u00e9 est-il compatible avec l\u2019id\u00e9al d\u2019Egalit\u00e9 ?<\/td><td class=\"column-3\">19<\/td>\n<\/tr>\n<tr class=\"row-3\">\n\t<td class=\"column-1\">Samedi 15 f\u00e9vrier 16h30<\/td><td class=\"column-2\">La haine n'est pas le contraire de l'amour, c'est l'indiff\u00e9rence.<\/td><td class=\"column-3\">9<\/td>\n<\/tr>\n<tr class=\"row-4\">\n\t<td class=\"column-1\">Samedi 15 mars 16h30<\/td><td class=\"column-2\">Faut-il croire en soi ?<\/td><td class=\"column-3\">13<\/td>\n<\/tr>\n<tr class=\"row-5\">\n\t<td class=\"column-1\">Samedi 05 avril 16h30<\/td><td class=\"column-2\">Les limites de mon langage signifient les limites de mon monde<\/td><td class=\"column-3\">13<\/td>\n<\/tr>\n<tr class=\"row-6\">\n\t<td class=\"column-1\">Samedi 17 mai 16h30<\/td><td class=\"column-2\">Le plus beau des courages c\u2019est celui d\u2019\u00eatre heureux.<\/td><td class=\"column-3\">12<\/td>\n<\/tr>\n<tr class=\"row-7\">\n\t<td class=\"column-1\">Samedi 21 juin 16h30<\/td><td class=\"column-2\">Qu'est-ce que je perds quand je perd mon temps<\/td><td class=\"column-3\">12<\/td>\n<\/tr>\n<tr class=\"row-8\">\n\t<td class=\"column-1\">Samedi 19 juillet de 16h30 \u00e0 18h30<br \/>\nPhilo au Jardin au Th\u00e9\u00e2tre de Verdure \u00e0 Chanteloup<\/td><td class=\"column-2\">Comment les spiritualit\u00e9s ont elles pu survivre aux avanc\u00e9es techniques et philosophiques ?<\/td><td class=\"column-3\">7<\/td>\n<\/tr>\n<tr class=\"row-9\">\n\t<td class=\"column-1\">Samedi 23 ao\u00fbt de 16h30 \u00e0 18h30 Philo au Jardin au Th\u00e9\u00e2tre de Verdure \u00e0 Chanteloup<\/td><td class=\"column-2\">Nous sommes ce que nous faisons<\/td><td class=\"column-3\">13<\/td>\n<\/tr>\n<tr class=\"row-10\">\n\t<td class=\"column-1\">Samedi 20 Septembre 16h30<\/td><td class=\"column-2\">L'erreur propre aux artistes est de croire qu'ils trouveront mieux en m\u00e9ditant qu'en essayant... Ce qu'on voulait faire, c'est en le faisant qu'on le d\u00e9couvre.<\/td><td class=\"column-3\">15<\/td>\n<\/tr>\n<tr class=\"row-11\">\n\t<td class=\"column-1\">Samedi 18 Octobre 16h30<\/td><td class=\"column-2\">Le Pardon lib\u00e8re l'\u00e2me<\/td><td class=\"column-3\">12<\/td>\n<\/tr>\n<tr class=\"row-12\">\n\t<td class=\"column-1\">Samedi 15 Novembre 16h30<\/td><td class=\"column-2\">Si la peur frappe \u00e0 ta porte et que tu as le courage de l'ouvrir, tu t'apercevras que derri\u00e8re il n'y a personne\" (sylvain Tesson).<\/td><td class=\"column-3\">16<\/td>\n<\/tr>\n<tr class=\"row-13\">\n\t<td class=\"column-1\">Samedi 20 D\u00e9cembre 16h30<\/td><td class=\"column-2\">Pourquoi fait-on croire aux enfants que le p\u00e8re No\u00ebl existe ?<\/td><td class=\"column-3\">15<\/td>\n<\/tr>\n<\/tbody>\n<\/table>\n<!-- #tablepress-4 from cache -->\n\n\n<h2 id=\"tablepress-3-name\" class=\"tablepress-table-name tablepress-table-name-id-3\">D\u00e9bats 2024<\/h2>\n<span id=\"tablepress-3-description\" class=\"tablepress-table-description tablepress-table-description-id-3\"><\/span>\n\n<table id=\"tablepress-3\" class=\"tablepress tablepress-id-3\" aria-labelledby=\"tablepress-3-name\" aria-describedby=\"tablepress-3-description\">\n<thead>\n<tr class=\"row-1\">\n\t<th class=\"column-1\">Date<\/th><th class=\"column-2\">Sujet du d\u00e9bat<\/th><th class=\"column-3\">Nombre de participants<\/th>\n<\/tr>\n<\/thead>\n<tbody class=\"row-striping row-hover\">\n<tr class=\"row-2\">\n\t<td class=\"column-1\">Samedi 20 janvier 16h30<\/td><td class=\"column-2\">\"L'importance du beau\"<\/td><td class=\"column-3\">10<\/td>\n<\/tr>\n<tr class=\"row-3\">\n\t<td class=\"column-1\">Samedi 17 f\u00e9vrier 15h30<\/td><td class=\"column-2\">\"Le bonheur, voyage ou destination ?\"<\/td><td class=\"column-3\">8<\/td>\n<\/tr>\n<tr class=\"row-4\">\n\t<td class=\"column-1\">Samedi 16 mars 17h00<\/td><td class=\"column-2\">\"La seule v\u00e9ritable erreur est celle dont on ne retire aucun enseignement\"<\/td><td class=\"column-3\">9<\/td>\n<\/tr>\n<tr class=\"row-5\">\n\t<td class=\"column-1\">Samedi 20 avril 15h30<\/td><td class=\"column-2\"> \"Qu'est-ce que la r\u00e9alit\u00e9 de nos jours ?\"<\/td><td class=\"column-3\">15<\/td>\n<\/tr>\n<tr class=\"row-6\">\n\t<td class=\"column-1\">Samedi 11 mai 16h30<\/td><td class=\"column-2\">\"Le v\u00e9ritable voyage ne consiste pas \u00e0 chercher de nouveaux paysages mais \u00e0 avoir de nouveaux yeux \u00bb (Marcel Proust)<\/td><td class=\"column-3\">4<\/td>\n<\/tr>\n<tr class=\"row-7\">\n\t<td class=\"column-1\">Samedi 22 juin 16h30<\/td><td class=\"column-2\">\"Qu'est-ce qui est rationnel ?\"<\/td><td class=\"column-3\">6<\/td>\n<\/tr>\n<tr class=\"row-8\">\n\t<td class=\"column-1\">Juillet : rel\u00e2che<\/td><td class=\"column-2\">Bonnes vacances<\/td><td class=\"column-3\"><\/td>\n<\/tr>\n<tr class=\"row-9\">\n\t<td class=\"column-1\">Samedi 24 Aout 16h30<\/td><td class=\"column-2\">\"En quoi est-ce que les \u00e9v\u00e9nements qui risquent de m'arriver me semblent plus importants que ceux qui arrivent aux autres ?\"<\/td><td class=\"column-3\">13<\/td>\n<\/tr>\n<tr class=\"row-10\">\n\t<td class=\"column-1\">Samedi 21 septembre 16h30<\/td><td class=\"column-2\">L'art contemporain<\/td><td class=\"column-3\">12<\/td>\n<\/tr>\n<tr class=\"row-11\">\n\t<td class=\"column-1\">Samedi 19 octobre 16h30<\/td><td class=\"column-2\">D\u00e9cider et choisir est-ce la m\u00eame chose ?<\/td><td class=\"column-3\">12<\/td>\n<\/tr>\n<tr class=\"row-12\">\n\t<td class=\"column-1\">Samedi 16 novembre 16h30<\/td><td class=\"column-2\">Avancer c'est reculer<\/td><td class=\"column-3\">15<\/td>\n<\/tr>\n<tr class=\"row-13\">\n\t<td class=\"column-1\">Samedi 21 d\u00e9cembre 16h30<\/td><td class=\"column-2\">Photo : Illusion ou r\u00e9alit\u00e9<\/td><td class=\"column-3\">14<\/td>\n<\/tr>\n<tr class=\"row-14\">\n\t<td class=\"column-1\">Total 2024<\/td><td class=\"column-2\"><\/td><td class=\"column-3\">118<\/td>\n<\/tr>\n<\/tbody>\n<\/table>\n<!-- #tablepress-3 from cache -->\n\n\n\n<blockquote class=\"wp-block-quote is-layout-flow wp-block-quote-is-layout-flow\">\n<p class=\"has-text-align-center has-medium-font-size\"><strong>La philosophie, un jeu d&rsquo;enfant.<\/strong><\/p>\n<\/blockquote>\n\n\n<div class=\"wp-block-image\">\n<figure class=\"aligncenter size-full\"><img loading=\"lazy\" decoding=\"async\" width=\"419\" height=\"375\" src=\"https:\/\/www.cafephilolagny.fr\/wp-content\/uploads\/2024\/01\/philo5.jpg\" alt=\"\" class=\"wp-image-422\" srcset=\"https:\/\/www.cafephilolagny.fr\/wp-content\/uploads\/2024\/01\/philo5.jpg 419w, https:\/\/www.cafephilolagny.fr\/wp-content\/uploads\/2024\/01\/philo5-300x268.jpg 300w\" sizes=\"auto, (max-width: 419px) 100vw, 419px\" \/><\/figure>\n<\/div>","protected":false},"excerpt":{"rendered":"<p>Les s\u00e9ances ont lieu le le troisi\u00e8me samedi de chaque mois, de 16h30 \u00e0 18h30 (sauf exception) \u00e0 Saint Thibault des vignes au centre culturel Marc Brinon. Nous rappelons que le sujet est choisi en d\u00e9but de s\u00e9ance. Ce Caf\u00e9 &hellip; <a href=\"https:\/\/www.cafephilolagny.fr\/\">Continuer la lecture <span class=\"meta-nav\">&rarr;<\/span><\/a><\/p>\n","protected":false},"author":1,"featured_media":0,"parent":0,"menu_order":0,"comment_status":"closed","ping_status":"closed","template":"","meta":{"footnotes":""},"class_list":["post-7","page","type-page","status-publish","hentry"],"_links":{"self":[{"href":"https:\/\/www.cafephilolagny.fr\/index.php?rest_route=\/wp\/v2\/pages\/7","targetHints":{"allow":["GET"]}}],"collection":[{"href":"https:\/\/www.cafephilolagny.fr\/index.php?rest_route=\/wp\/v2\/pages"}],"about":[{"href":"https:\/\/www.cafephilolagny.fr\/index.php?rest_route=\/wp\/v2\/types\/page"}],"author":[{"embeddable":true,"href":"https:\/\/www.cafephilolagny.fr\/index.php?rest_route=\/wp\/v2\/users\/1"}],"replies":[{"embeddable":true,"href":"https:\/\/www.cafephilolagny.fr\/index.php?rest_route=%2Fwp%2Fv2%2Fcomments&post=7"}],"version-history":[{"count":311,"href":"https:\/\/www.cafephilolagny.fr\/index.php?rest_route=\/wp\/v2\/pages\/7\/revisions"}],"predecessor-version":[{"id":1367,"href":"https:\/\/www.cafephilolagny.fr\/index.php?rest_route=\/wp\/v2\/pages\/7\/revisions\/1367"}],"wp:attachment":[{"href":"https:\/\/www.cafephilolagny.fr\/index.php?rest_route=%2Fwp%2Fv2%2Fmedia&parent=7"}],"curies":[{"name":"wp","href":"https:\/\/api.w.org\/{rel}","templated":true}]}}