{"id":744,"date":"2024-07-17T11:14:16","date_gmt":"2024-07-17T09:14:16","guid":{"rendered":"https:\/\/www.cafephilolagny.fr\/?page_id=744"},"modified":"2024-07-22T15:29:48","modified_gmt":"2024-07-22T13:29:48","slug":"rousseau-et-la-philosophie-des-lumieres","status":"publish","type":"page","link":"https:\/\/www.cafephilolagny.fr\/?page_id=744","title":{"rendered":"Rousseau et la philosophie des lumi\u00e8res"},"content":{"rendered":"<div class=\"wp-block-image\">\n<figure class=\"aligncenter size-full is-resized\"><img loading=\"lazy\" decoding=\"async\" width=\"287\" height=\"199\" src=\"https:\/\/www.cafephilolagny.fr\/wp-content\/uploads\/2024\/07\/Lumieres.jpg\" alt=\"\" class=\"wp-image-745\" style=\"width:413px;height:auto\"\/><\/figure>\n<\/div>\n\n\n<p class=\"has-text-align-center has-very-light-gray-to-cyan-bluish-gray-gradient-background has-background\"><strong>Cette rubrique sera r\u00e9dig\u00e9e ult\u00e9rieurement<\/strong><\/p>\n","protected":false},"excerpt":{"rendered":"<p>Cette rubrique sera r\u00e9dig\u00e9e ult\u00e9rieurement<\/p>\n","protected":false},"author":1,"featured_media":0,"parent":0,"menu_order":0,"comment_status":"closed","ping_status":"closed","template":"","meta":{"footnotes":""},"class_list":["post-744","page","type-page","status-publish","hentry"],"_links":{"self":[{"href":"https:\/\/www.cafephilolagny.fr\/index.php?rest_route=\/wp\/v2\/pages\/744","targetHints":{"allow":["GET"]}}],"collection":[{"href":"https:\/\/www.cafephilolagny.fr\/index.php?rest_route=\/wp\/v2\/pages"}],"about":[{"href":"https:\/\/www.cafephilolagny.fr\/index.php?rest_route=\/wp\/v2\/types\/page"}],"author":[{"embeddable":true,"href":"https:\/\/www.cafephilolagny.fr\/index.php?rest_route=\/wp\/v2\/users\/1"}],"replies":[{"embeddable":true,"href":"https:\/\/www.cafephilolagny.fr\/index.php?rest_route=%2Fwp%2Fv2%2Fcomments&post=744"}],"version-history":[{"count":2,"href":"https:\/\/www.cafephilolagny.fr\/index.php?rest_route=\/wp\/v2\/pages\/744\/revisions"}],"predecessor-version":[{"id":862,"href":"https:\/\/www.cafephilolagny.fr\/index.php?rest_route=\/wp\/v2\/pages\/744\/revisions\/862"}],"wp:attachment":[{"href":"https:\/\/www.cafephilolagny.fr\/index.php?rest_route=%2Fwp%2Fv2%2Fmedia&parent=744"}],"curies":[{"name":"wp","href":"https:\/\/api.w.org\/{rel}","templated":true}]}}