{"id":9,"date":"2019-09-05T15:42:08","date_gmt":"2019-09-05T13:42:08","guid":{"rendered":"https:\/\/cafephilolagny.fr\/?page_id=9"},"modified":"2022-11-30T18:45:30","modified_gmt":"2022-11-30T17:45:30","slug":"contact","status":"publish","type":"page","link":"https:\/\/www.cafephilolagny.fr\/?page_id=9","title":{"rendered":"Contact"},"content":{"rendered":"<p>\n<!--StartFragment--><\/p>\n\n\n<p>Vous pouvez nous contacter :<\/p>\n\n\n\n<p>par mail : cafephilolagny@gmail.com<\/p>\n\n\n\n<p>par t\u00e9l\u00e9phone : 06 32 92 86 63<\/p>\n\n\n\n<p>Responsable : Jean-Claude Marzin<\/p>\n\n\n\n<p>Vous pouvez \u00e9galement contacter l&rsquo;association Art et R\u00e9cr\u00e9ation :<\/p>\n\n\n\n<p>Pr\u00e9sidente : Pierrette Simonnet<\/p>\n\n\n\n<p>Par mail : artetrecre77@outlook.fr<\/p>\n\n\n<p><!--EndFragment--><\/p>\n\n\n<figure class=\"wp-block-image\"><img loading=\"lazy\" decoding=\"async\" width=\"460\" height=\"460\" src=\"https:\/\/cafephilolagny.fr\/wp-content\/uploads\/2019\/09\/petits-philosophes.jpg\" alt=\"\" class=\"wp-image-41\" srcset=\"https:\/\/www.cafephilolagny.fr\/wp-content\/uploads\/2019\/09\/petits-philosophes.jpg 460w, https:\/\/www.cafephilolagny.fr\/wp-content\/uploads\/2019\/09\/petits-philosophes-150x150.jpg 150w, https:\/\/www.cafephilolagny.fr\/wp-content\/uploads\/2019\/09\/petits-philosophes-300x300.jpg 300w\" sizes=\"auto, (max-width: 460px) 100vw, 460px\" \/><\/figure>\n","protected":false},"excerpt":{"rendered":"<p>Vous pouvez nous contacter : par mail : cafephilolagny@gmail.com par t\u00e9l\u00e9phone : 06 32 92 86 63 Responsable : Jean-Claude Marzin Vous pouvez \u00e9galement contacter l&rsquo;association Art et R\u00e9cr\u00e9ation : Pr\u00e9sidente : Pierrette Simonnet Par mail : artetrecre77@outlook.fr<\/p>\n","protected":false},"author":1,"featured_media":0,"parent":0,"menu_order":0,"comment_status":"closed","ping_status":"closed","template":"","meta":{"footnotes":""},"class_list":["post-9","page","type-page","status-publish","hentry"],"_links":{"self":[{"href":"https:\/\/www.cafephilolagny.fr\/index.php?rest_route=\/wp\/v2\/pages\/9","targetHints":{"allow":["GET"]}}],"collection":[{"href":"https:\/\/www.cafephilolagny.fr\/index.php?rest_route=\/wp\/v2\/pages"}],"about":[{"href":"https:\/\/www.cafephilolagny.fr\/index.php?rest_route=\/wp\/v2\/types\/page"}],"author":[{"embeddable":true,"href":"https:\/\/www.cafephilolagny.fr\/index.php?rest_route=\/wp\/v2\/users\/1"}],"replies":[{"embeddable":true,"href":"https:\/\/www.cafephilolagny.fr\/index.php?rest_route=%2Fwp%2Fv2%2Fcomments&post=9"}],"version-history":[{"count":8,"href":"https:\/\/www.cafephilolagny.fr\/index.php?rest_route=\/wp\/v2\/pages\/9\/revisions"}],"predecessor-version":[{"id":179,"href":"https:\/\/www.cafephilolagny.fr\/index.php?rest_route=\/wp\/v2\/pages\/9\/revisions\/179"}],"wp:attachment":[{"href":"https:\/\/www.cafephilolagny.fr\/index.php?rest_route=%2Fwp%2Fv2%2Fmedia&parent=9"}],"curies":[{"name":"wp","href":"https:\/\/api.w.org\/{rel}","templated":true}]}}